{"id":1540,"date":"2025-02-25T17:58:44","date_gmt":"2025-02-25T17:58:44","guid":{"rendered":"https:\/\/accursiascaduto.it\/?page_id=1540"},"modified":"2025-02-26T14:08:21","modified_gmt":"2025-02-26T14:08:21","slug":"chi-sono","status":"publish","type":"page","link":"https:\/\/accursiascaduto.it\/index.php\/chi-sono\/","title":{"rendered":"Chi sono"},"content":{"rendered":"<p>[et_pb_section fb_built=&#8221;1&#8243; admin_label=&#8221;Team&#8221; _builder_version=&#8221;4.27.4&#8243; _module_preset=&#8221;default&#8221; background_color=&#8221;rgba(224,184,98,0.29)&#8221; custom_padding=&#8221;92px||100px|||&#8221; locked=&#8221;off&#8221; collapsed=&#8221;on&#8221; global_colors_info=&#8221;{}&#8221;][et_pb_row _builder_version=&#8221;4.22.1&#8243; _module_preset=&#8221;default&#8221; max_width=&#8221;880px&#8221; global_colors_info=&#8221;{}&#8221;][et_pb_column type=&#8221;4_4&#8243; _builder_version=&#8221;4.22.1&#8243; _module_preset=&#8221;default&#8221; global_colors_info=&#8221;{}&#8221;][et_pb_text _builder_version=&#8221;4.27.4&#8243; _module_preset=&#8221;_initial&#8221; header_2_font=&#8221;Work Sans|500|||||||&#8221; header_2_font_size=&#8221;52px&#8221; header_2_line_height=&#8221;1.2em&#8221; text_orientation=&#8221;center&#8221; custom_margin=&#8221;||10px||false|false&#8221; header_2_font_size_tablet=&#8221;32px&#8221; header_2_font_size_phone=&#8221;20px&#8221; header_2_font_size_last_edited=&#8221;on|desktop&#8221; global_colors_info=&#8221;{}&#8221;]<\/p>\n<h2>Esperienza e professionalit\u00e0<\/h2>\n<p>[\/et_pb_text][et_pb_text _builder_version=&#8221;4.27.4&#8243; _module_preset=&#8221;_initial&#8221; text_font_size=&#8221;18px&#8221; text_line_height=&#8221;1.8em&#8221; text_orientation=&#8221;center&#8221; text_font_size_tablet=&#8221;15px&#8221; text_font_size_phone=&#8221;14px&#8221; text_font_size_last_edited=&#8221;on|desktop&#8221; global_colors_info=&#8221;{}&#8221;]<\/p>\n<p>Da trent&#8217;anni, con passione, al servizio del benessere della donna<\/p>\n<p>[\/et_pb_text][\/et_pb_column][\/et_pb_row][\/et_pb_section][et_pb_section fb_built=&#8221;1&#8243; admin_label=&#8221;Testimonials&#8221; _builder_version=&#8221;4.27.4&#8243; _module_preset=&#8221;default&#8221; background_enable_image=&#8221;off&#8221; background_size=&#8221;initial&#8221; custom_padding=&#8221;64px||78px|||&#8221; saved_tabs=&#8221;all&#8221; collapsed=&#8221;on&#8221; global_colors_info=&#8221;{}&#8221;][et_pb_row _builder_version=&#8221;4.22.1&#8243; _module_preset=&#8221;default&#8221; global_colors_info=&#8221;{}&#8221;][et_pb_column type=&#8221;4_4&#8243; _builder_version=&#8221;4.22.1&#8243; _module_preset=&#8221;default&#8221; global_colors_info=&#8221;{}&#8221;][et_pb_text _builder_version=&#8221;4.27.4&#8243; _module_preset=&#8221;default&#8221; text_font_size=&#8221;16px&#8221; text_line_height=&#8221;1.9em&#8221; hover_enabled=&#8221;0&#8243; global_colors_info=&#8221;{}&#8221; sticky_enabled=&#8221;0&#8243;]<\/p>\n<p>Mi chiamo Accursia Scaduto e sono una ginecologa con oltre 30 anni di esperienza. Ho dedicato la mia carriera al benessere femminile, lavorando in numerosi Consultori Familiari Integrati di Milano, in ultimo c\/o il CFI di via Pace<span class=\"Apple-converted-space\">\u00a0 <\/span>Mangiagalli Center con l\u2019obiettivo di offrire supporto medico competente, umano e dedicato.<\/p>\n<p><span><b>Il mio percorso formativo<\/b><\/span><br \/>Sono laureata in Medicina e Chirurgia presso l\u2019Universit\u00e0 degli Studi di Palermo con il massimo dei voti e lode. Ho conseguito la specializzazione in Ostetricia e Ginecologia presso l\u2019Universit\u00e0 degli Studi di Milano, anche in questo caso con il massimo dei voti 70\/70 Negli anni ho continuato a perfezionare la mia formazione attraverso corsi di aggiornamento sulle ultime novit\u00e0 in ambito ginecologico e ostetrico.<\/p>\n<p><span><b>La mia attivit\u00e0 professionale<\/b><\/span><br \/>La mia esperienza abbraccia diversi ambiti della ginecologia e dell&#8217;ostetricia, con un focus particolare su:<\/p>\n<ul>\n<li><span><\/span><span><b>Visite ginecologiche di controllo<\/b><\/span>: \u00c8 essenziale monitorare regolarmente la salute ginecologica. Durante la visita, valuto la salute sessuale e riproduttiva, eseguendo esami come il Pap test, l&#8217;HPV DNA test e tamponi vagino-cervicali, se necessario.<\/li>\n<li><span><\/span><span><b>Problemi del pavimento pelvico<\/b><\/span>: Sono molto diffusi, ma restano nell\u2019ombra ,principalmente perch\u00e9 chi ne \u00e8 affetta ,trova imbarazzo a parlarne. Affronto le problematiche legate all&#8217;incontinenza urinaria e ai prolassi utero-vaginali ,ovvero la discesa degli organi pelvici , lavorando sia in ambito preventivo che diagnostico e terapeutico.<\/li>\n<li><span><\/span><span><b>Gravidanza<\/b><\/span>: Offro visite, ecografie di datazione nel primo trimestre e consulenze durante tutte le fasi della gravidanza, per garantire il miglior supporto a mamma e bambino.<\/li>\n<li><span><\/span><span><b>Contraccezione<\/b><\/span>: L\u2019et\u00e0 del primo rapporto \u00e8 sempre pi\u00f9 precoce ,e i giovani agiscono spesso senza la consapevolezza dei rischi( gravidanze indesiderate, malattie sex trasmesse). Per questo \u00e8 importante l\u2019informazione , per una scelta consapevole della contraccezione sia ormonale ,( la pillola) che, l\u2019inserimento del dispositivo intrauterino (spirale) quando necessario.<\/li>\n<li><span><\/span><span><b>Menopausa e disturbi ormonali<\/b><\/span>: la menopausa non \u00e8 una malattia , ma un occasione di cambiamento e di prevenzione. E\u2019 per una donna matura quello che la pubert\u00e0 \u00e8 per la giovinezza ,un percorso di grande trasformazione ,in vista della necessit\u00e0 naturale e fisiologica di raggiungere un nuovo equilibrio.<span class=\"Apple-converted-space\">\u00a0<\/span><\/li>\n<\/ul>\n<p><b>ALLA MENOPAUSA CI SI PREPARA<\/b><span>!<\/span><\/p>\n<ul>\n<li><span><\/span>Aiuto le donne a navigare i cambiamenti della menopausa, fornendo informazioni dettagliate sugli stadi della menopausa, i sintomi comuni e le opzioni di trattamento. Affronto anche i cambiamenti dello stile di vita e i benefici e rischi dei trattamenti ormonali e non, per migliorare la qualit\u00e0 della vita a lungo termine.<\/li>\n<\/ul>\n<p>[\/et_pb_text][et_pb_button button_url=&#8221;https:\/\/accursiascaduto.it\/index.php\/contatti\/&#8221; button_text=&#8221;Per contattarmi&#8221; _builder_version=&#8221;4.27.4&#8243; _module_preset=&#8221;default&#8221; custom_button=&#8221;on&#8221; button_text_color=&#8221;#ce9b1a&#8221; button_border_color=&#8221;#e5c71d&#8221; global_colors_info=&#8221;{}&#8221;][\/et_pb_button][\/et_pb_column][\/et_pb_row][\/et_pb_section]<\/p>\n","protected":false},"excerpt":{"rendered":"<p>Esperienza e professionalit\u00e0Da trent&#8217;anni, con passione, al servizio del benessere della donnaMi chiamo Accursia Scaduto e sono una ginecologa con oltre 30 anni di esperienza. Ho dedicato la mia carriera al benessere femminile, lavorando in numerosi Consultori Familiari Integrati di Milano, in ultimo c\/o il CFI di via Pace\u00a0 Mangiagalli Center con l\u2019obiettivo di offrire [&hellip;]<\/p>\n","protected":false},"author":1,"featured_media":0,"parent":0,"menu_order":0,"comment_status":"closed","ping_status":"closed","template":"","meta":{"_et_pb_use_builder":"on","_et_pb_old_content":"","_et_gb_content_width":"","footnotes":""},"class_list":["post-1540","page","type-page","status-publish","hentry"],"_links":{"self":[{"href":"https:\/\/accursiascaduto.it\/index.php\/wp-json\/wp\/v2\/pages\/1540","targetHints":{"allow":["GET"]}}],"collection":[{"href":"https:\/\/accursiascaduto.it\/index.php\/wp-json\/wp\/v2\/pages"}],"about":[{"href":"https:\/\/accursiascaduto.it\/index.php\/wp-json\/wp\/v2\/types\/page"}],"author":[{"embeddable":true,"href":"https:\/\/accursiascaduto.it\/index.php\/wp-json\/wp\/v2\/users\/1"}],"replies":[{"embeddable":true,"href":"https:\/\/accursiascaduto.it\/index.php\/wp-json\/wp\/v2\/comments?post=1540"}],"version-history":[{"count":14,"href":"https:\/\/accursiascaduto.it\/index.php\/wp-json\/wp\/v2\/pages\/1540\/revisions"}],"predecessor-version":[{"id":1595,"href":"https:\/\/accursiascaduto.it\/index.php\/wp-json\/wp\/v2\/pages\/1540\/revisions\/1595"}],"wp:attachment":[{"href":"https:\/\/accursiascaduto.it\/index.php\/wp-json\/wp\/v2\/media?parent=1540"}],"curies":[{"name":"wp","href":"https:\/\/api.w.org\/{rel}","templated":true}]}}